{"id":1134,"date":"2023-02-28T19:57:09","date_gmt":"2023-02-28T19:57:09","guid":{"rendered":"https:\/\/lambda92.org\/?page_id=1134"},"modified":"2023-04-10T02:28:35","modified_gmt":"2023-04-10T02:28:35","slug":"a-propos","status":"publish","type":"page","link":"https:\/\/lambda92.org\/","title":{"rendered":"A Propos"},"content":{"rendered":"\n<p class=\"has-light-green-cyan-background-color has-background\">Ce site est en cours d&#8217;\u00e9laboration, encore quelques semaines de patience, s&#8217;il vous pla\u00eet&#8230;<\/p>\n\n\n\n<p>Lambda92, c&#8217;est L&#8217;Association pour Mobiliser et Booster le Digital dans les Associations.<\/p>\n\n\n\n<p>C&#8217;est un  jeu de mots moyen , mais un joli signe, car la lettre grecque lambda a beaucoup de significations.<\/p>\n\n\n\n<ul>\n<li>C&#8217;est la 11\u00e8me lettre de l&#8217;alphabet grecque et la 7\u00e8me consonne<\/li>\n\n\n\n<li>C&#8217;est le symbole de la longueur d&#8217;onde, le truc qui fait les couleurs et les sons<\/li>\n\n\n\n<li>On d\u00e9signe ainsi un individu ordinaire, quelconque, qui, loin des c\u00e9l\u00e9brit\u00e9s, est une personne responsable et intelligente comme vous et moi<\/li>\n<\/ul>\n\n\n\n<h2>Pourquoi ce blog?<\/h2>\n\n\n\n<p>Pour rassembler des comp\u00e9tences, des exp\u00e9riences, des conseils pour la mise en oeuvre des outils num\u00e9riques au service des associations.<\/p>\n\n\n\n<p>On part de quelques constats:<\/p>\n\n\n\n<ul>\n<li>peu d&#8217;associations ont un site Web correctement tenu \u00e0 jour<\/li>\n\n\n\n<li>les communications entre les membres sont souvent \u00e0 base de mails et de whatsapp<\/li>\n\n\n\n<li>tr\u00e8s peu de sites offrent des fonctions d&#8217;agenda, de partage d&#8217;images, de fonction de paiement, etc.<\/li>\n\n\n\n<li>tr\u00e8s peu de sites d&#8217;association proposent une newsletter, une gestion de la relation avec les publics vis\u00e9s<\/li>\n<\/ul>\n\n\n\n<p>Lorsque les associations se lancent dans des projets, souvent co\u00fbteux en temps, parfois en argent, peu utilisent des m\u00e9thodes de gestion de projets de type professionnel, tr\u00e8s peu utilisent des m\u00e9thodes modernes.<\/p>\n\n\n\n<p>Or, si les associations sont souvent anim\u00e9s par des seniors, ceux-ci ont maintenant \u00e9t\u00e9, pour une grande part, bien form\u00e9s \u00e0 tous ces outils.<\/p>\n\n\n\n<p>Un des probl\u00e8mes est celui du budget. En milieu professionnel, on peut s&#8217;autoriser des outils co\u00fbteux, en rapport avec leur rentabilit\u00e9. Dans une association on est souvent contraint \u00e0 travailler avec de petits budgets et privil\u00e9gier les outils gratuits.<\/p>\n","protected":false},"excerpt":{"rendered":"<p>Ce site est en cours d&#8217;\u00e9laboration, encore quelques semaines de patience, s&#8217;il vous pla\u00eet&#8230; Lambda92, c&#8217;est L&#8217;Association pour Mobiliser et Booster le Digital dans les Associations. C&#8217;est un jeu de mots moyen , mais un joli signe, car la lettre grecque lambda a beaucoup de significations. Pourquoi ce blog? Pour rassembler des comp\u00e9tences, des exp\u00e9riences, [&hellip;]<\/p>\n","protected":false},"author":1,"featured_media":0,"parent":0,"menu_order":0,"comment_status":"closed","ping_status":"closed","template":"","meta":[],"aioseo_notices":[],"_links":{"self":[{"href":"https:\/\/lambda92.org\/index.php?rest_route=\/wp\/v2\/pages\/1134"}],"collection":[{"href":"https:\/\/lambda92.org\/index.php?rest_route=\/wp\/v2\/pages"}],"about":[{"href":"https:\/\/lambda92.org\/index.php?rest_route=\/wp\/v2\/types\/page"}],"author":[{"embeddable":true,"href":"https:\/\/lambda92.org\/index.php?rest_route=\/wp\/v2\/users\/1"}],"replies":[{"embeddable":true,"href":"https:\/\/lambda92.org\/index.php?rest_route=%2Fwp%2Fv2%2Fcomments&post=1134"}],"version-history":[{"count":4,"href":"https:\/\/lambda92.org\/index.php?rest_route=\/wp\/v2\/pages\/1134\/revisions"}],"predecessor-version":[{"id":1200,"href":"https:\/\/lambda92.org\/index.php?rest_route=\/wp\/v2\/pages\/1134\/revisions\/1200"}],"wp:attachment":[{"href":"https:\/\/lambda92.org\/index.php?rest_route=%2Fwp%2Fv2%2Fmedia&parent=1134"}],"curies":[{"name":"wp","href":"https:\/\/api.w.org\/{rel}","templated":true}]}}