{"id":1166,"date":"2023-03-01T03:20:31","date_gmt":"2023-03-01T03:20:31","guid":{"rendered":"https:\/\/lambda92.org\/?page_id=1166"},"modified":"2023-03-01T03:20:31","modified_gmt":"2023-03-01T03:20:31","slug":"cms","status":"publish","type":"page","link":"https:\/\/lambda92.org\/?page_id=1166","title":{"rendered":"CMS"},"content":{"rendered":"\n<p>On recense ici diff\u00e9rents outils de gestion de contenu (Content Management Systems &#8211; CMS).<\/p>\n\n\n\n<p>Le plus utilis\u00e9 est vraisemblablement WordPress, qui a une grande capacit\u00e9 de configuration, au prix d&#8217;un apprentissage parfois complexe.<\/p>\n\n\n\n<p>Il existe plusieurs solutions cl\u00e9s en mains, g\u00e9n\u00e9ralement en h\u00e9bergement partag\u00e9: SPIP, etc.<\/p>\n\n\n\n<p>Dans ces revues, on ne cherche pas \u00e0 \u00eatre exhaustif, mais on donne des pistes, tir\u00e9es de l&#8217;exp\u00e9rience de mise en oeuvre.<\/p>\n\n\n\n<p>WordPress<\/p>\n\n\n\n<p>SPIP<\/p>\n\n\n\n<h2>Autres services<\/h2>\n\n\n\n<p>On est souvent amen\u00e9 \u00e0 utiliser en parall\u00e8le au CMS des solutions plus sp\u00e9cialis\u00e9es pour la gestion des images, des vid\u00e9os, des calendriers. On d\u00e9crit ici quelques mises en oeuvre de ces outils et de leur articulation avec le CMS<\/p>\n\n\n\n<h2>ERP\/CRM<\/h2>\n\n\n\n<p><\/p>\n","protected":false},"excerpt":{"rendered":"<p>On recense ici diff\u00e9rents outils de gestion de contenu (Content Management Systems &#8211; CMS). Le plus utilis\u00e9 est vraisemblablement WordPress, qui a une grande capacit\u00e9 de configuration, au prix d&#8217;un apprentissage parfois complexe. Il existe plusieurs solutions cl\u00e9s en mains, g\u00e9n\u00e9ralement en h\u00e9bergement partag\u00e9: SPIP, etc. Dans ces revues, on ne cherche pas \u00e0 \u00eatre [&hellip;]<\/p>\n","protected":false},"author":1,"featured_media":0,"parent":0,"menu_order":2,"comment_status":"closed","ping_status":"closed","template":"","meta":[],"aioseo_notices":[],"_links":{"self":[{"href":"https:\/\/lambda92.org\/index.php?rest_route=\/wp\/v2\/pages\/1166"}],"collection":[{"href":"https:\/\/lambda92.org\/index.php?rest_route=\/wp\/v2\/pages"}],"about":[{"href":"https:\/\/lambda92.org\/index.php?rest_route=\/wp\/v2\/types\/page"}],"author":[{"embeddable":true,"href":"https:\/\/lambda92.org\/index.php?rest_route=\/wp\/v2\/users\/1"}],"replies":[{"embeddable":true,"href":"https:\/\/lambda92.org\/index.php?rest_route=%2Fwp%2Fv2%2Fcomments&post=1166"}],"version-history":[{"count":1,"href":"https:\/\/lambda92.org\/index.php?rest_route=\/wp\/v2\/pages\/1166\/revisions"}],"predecessor-version":[{"id":1167,"href":"https:\/\/lambda92.org\/index.php?rest_route=\/wp\/v2\/pages\/1166\/revisions\/1167"}],"wp:attachment":[{"href":"https:\/\/lambda92.org\/index.php?rest_route=%2Fwp%2Fv2%2Fmedia&parent=1166"}],"curies":[{"name":"wp","href":"https:\/\/api.w.org\/{rel}","templated":true}]}}