{"id":1171,"date":"2023-03-01T03:31:02","date_gmt":"2023-03-01T03:31:02","guid":{"rendered":"https:\/\/lambda92.org\/?page_id=1171"},"modified":"2023-03-01T03:31:02","modified_gmt":"2023-03-01T03:31:02","slug":"methodes","status":"publish","type":"page","link":"https:\/\/lambda92.org\/?page_id=1171","title":{"rendered":"M\u00e9thodes"},"content":{"rendered":"\n<p>On peut mener \u00e0 bien un projet sans m\u00e9thode explicite, c&#8217;est-\u00e0-dire avec du bons sens et un minimum d&#8217;orgnisation collective.<\/p>\n\n\n\n<p>Cependant une connaissance des m\u00e9thodes, classiques ou modernes, de conduite de projets est tr\u00e8s utile. Encore plus si cette m\u00e9thode est effectivement appliqu\u00e9e dans la conduite de projet, ce qui r\u00e9clame un effort, mais la r\u00e9compense sera la succ\u00e8s et la p\u00e9r\u00e9nnit\u00e9 de la solution, ce qui est important dans les associations o\u00f9 le turn over peut \u00eatre important.<\/p>\n\n\n\n<p>M\u00e9thodes classiques<\/p>\n\n\n\n<p>M\u00e9thodes agiles<\/p>\n","protected":false},"excerpt":{"rendered":"<p>On peut mener \u00e0 bien un projet sans m\u00e9thode explicite, c&#8217;est-\u00e0-dire avec du bons sens et un minimum d&#8217;orgnisation collective. Cependant une connaissance des m\u00e9thodes, classiques ou modernes, de conduite de projets est tr\u00e8s utile. Encore plus si cette m\u00e9thode est effectivement appliqu\u00e9e dans la conduite de projet, ce qui r\u00e9clame un effort, mais la [&hellip;]<\/p>\n","protected":false},"author":1,"featured_media":0,"parent":0,"menu_order":3,"comment_status":"closed","ping_status":"closed","template":"","meta":[],"aioseo_notices":[],"_links":{"self":[{"href":"https:\/\/lambda92.org\/index.php?rest_route=\/wp\/v2\/pages\/1171"}],"collection":[{"href":"https:\/\/lambda92.org\/index.php?rest_route=\/wp\/v2\/pages"}],"about":[{"href":"https:\/\/lambda92.org\/index.php?rest_route=\/wp\/v2\/types\/page"}],"author":[{"embeddable":true,"href":"https:\/\/lambda92.org\/index.php?rest_route=\/wp\/v2\/users\/1"}],"replies":[{"embeddable":true,"href":"https:\/\/lambda92.org\/index.php?rest_route=%2Fwp%2Fv2%2Fcomments&post=1171"}],"version-history":[{"count":1,"href":"https:\/\/lambda92.org\/index.php?rest_route=\/wp\/v2\/pages\/1171\/revisions"}],"predecessor-version":[{"id":1172,"href":"https:\/\/lambda92.org\/index.php?rest_route=\/wp\/v2\/pages\/1171\/revisions\/1172"}],"wp:attachment":[{"href":"https:\/\/lambda92.org\/index.php?rest_route=%2Fwp%2Fv2%2Fmedia&parent=1171"}],"curies":[{"name":"wp","href":"https:\/\/api.w.org\/{rel}","templated":true}]}}