{"id":1173,"date":"2023-03-01T03:37:21","date_gmt":"2023-03-01T03:37:21","guid":{"rendered":"https:\/\/lambda92.org\/?page_id=1173"},"modified":"2023-03-01T03:37:22","modified_gmt":"2023-03-01T03:37:22","slug":"gestion-de-projets","status":"publish","type":"page","link":"https:\/\/lambda92.org\/?page_id=1173","title":{"rendered":"Gestion de projets"},"content":{"rendered":"\n<p>Devant le nombre de solutions et l&#8217;importance de ma\u00eetriser la d\u00e9marche et les outils, un chapitre entier leur est consacr\u00e9, avec des r\u00e9sultats d&#8217;exp\u00e9rimentation ou de tests.<\/p>\n\n\n\n<p>Il est difficile de recommander tel ou tel outil, l&#8217;offre est abondante et les cas de figure vari\u00e9s. Nous recommandons d&#8217;approfondir ce sujet et de ne pas h\u00e9siter \u00e0 diversifier les exp\u00e9riences, jusqu&#8217;\u00e0 une atteindre une bonne ma\u00eetrise des outils de votre choix.<\/p>\n\n\n\n<p>MS Project<\/p>\n\n\n\n<p>Mindomo<\/p>\n\n\n\n<p>Jira\/Confluence<\/p>\n\n\n\n<p>ClickUp<\/p>\n\n\n\n<p><\/p>\n","protected":false},"excerpt":{"rendered":"<p>Devant le nombre de solutions et l&#8217;importance de ma\u00eetriser la d\u00e9marche et les outils, un chapitre entier leur est consacr\u00e9, avec des r\u00e9sultats d&#8217;exp\u00e9rimentation ou de tests. Il est difficile de recommander tel ou tel outil, l&#8217;offre est abondante et les cas de figure vari\u00e9s. Nous recommandons d&#8217;approfondir ce sujet et de ne pas h\u00e9siter [&hellip;]<\/p>\n","protected":false},"author":1,"featured_media":0,"parent":0,"menu_order":4,"comment_status":"closed","ping_status":"closed","template":"","meta":[],"aioseo_notices":[],"_links":{"self":[{"href":"https:\/\/lambda92.org\/index.php?rest_route=\/wp\/v2\/pages\/1173"}],"collection":[{"href":"https:\/\/lambda92.org\/index.php?rest_route=\/wp\/v2\/pages"}],"about":[{"href":"https:\/\/lambda92.org\/index.php?rest_route=\/wp\/v2\/types\/page"}],"author":[{"embeddable":true,"href":"https:\/\/lambda92.org\/index.php?rest_route=\/wp\/v2\/users\/1"}],"replies":[{"embeddable":true,"href":"https:\/\/lambda92.org\/index.php?rest_route=%2Fwp%2Fv2%2Fcomments&post=1173"}],"version-history":[{"count":1,"href":"https:\/\/lambda92.org\/index.php?rest_route=\/wp\/v2\/pages\/1173\/revisions"}],"predecessor-version":[{"id":1174,"href":"https:\/\/lambda92.org\/index.php?rest_route=\/wp\/v2\/pages\/1173\/revisions\/1174"}],"wp:attachment":[{"href":"https:\/\/lambda92.org\/index.php?rest_route=%2Fwp%2Fv2%2Fmedia&parent=1173"}],"curies":[{"name":"wp","href":"https:\/\/api.w.org\/{rel}","templated":true}]}}