{"id":1175,"date":"2023-03-01T03:38:48","date_gmt":"2023-03-01T03:38:48","guid":{"rendered":"https:\/\/lambda92.org\/?page_id=1175"},"modified":"2023-03-01T04:55:46","modified_gmt":"2023-03-01T04:55:46","slug":"nos-actualites","status":"publish","type":"page","link":"https:\/\/lambda92.org\/?page_id=1175","title":{"rendered":"Nos Actualit\u00e9s"},"content":{"rendered":"\n<p>Dans ce fil, on rel\u00e8ve dans l&#8217;actualit\u00e9 des articles qui nous ont paru int\u00e9ressant dans notre contexte.<\/p>\n\n\n<ul class=\"wp-block-latest-posts__list wp-block-latest-posts\"><li><a class=\"wp-block-latest-posts__post-title\" href=\"https:\/\/lambda92.org\/?p=1183\">Comprendre les Web Core Vitals<\/a><\/li>\n<li><a class=\"wp-block-latest-posts__post-title\" href=\"https:\/\/lambda92.org\/?p=1180\">Google PageSpeed Insights helps make your site faster<\/a><\/li>\n<li><a class=\"wp-block-latest-posts__post-title\" href=\"https:\/\/lambda92.org\/?p=823\">Successful Marketing Ads for Your Business<\/a><\/li>\n<\/ul>","protected":false},"excerpt":{"rendered":"<p>Dans ce fil, on rel\u00e8ve dans l&#8217;actualit\u00e9 des articles qui nous ont paru int\u00e9ressant dans notre contexte.<\/p>\n","protected":false},"author":1,"featured_media":0,"parent":0,"menu_order":5,"comment_status":"closed","ping_status":"closed","template":"","meta":[],"aioseo_notices":[],"_links":{"self":[{"href":"https:\/\/lambda92.org\/index.php?rest_route=\/wp\/v2\/pages\/1175"}],"collection":[{"href":"https:\/\/lambda92.org\/index.php?rest_route=\/wp\/v2\/pages"}],"about":[{"href":"https:\/\/lambda92.org\/index.php?rest_route=\/wp\/v2\/types\/page"}],"author":[{"embeddable":true,"href":"https:\/\/lambda92.org\/index.php?rest_route=\/wp\/v2\/users\/1"}],"replies":[{"embeddable":true,"href":"https:\/\/lambda92.org\/index.php?rest_route=%2Fwp%2Fv2%2Fcomments&post=1175"}],"version-history":[{"count":7,"href":"https:\/\/lambda92.org\/index.php?rest_route=\/wp\/v2\/pages\/1175\/revisions"}],"predecessor-version":[{"id":1197,"href":"https:\/\/lambda92.org\/index.php?rest_route=\/wp\/v2\/pages\/1175\/revisions\/1197"}],"wp:attachment":[{"href":"https:\/\/lambda92.org\/index.php?rest_route=%2Fwp%2Fv2%2Fmedia&parent=1175"}],"curies":[{"name":"wp","href":"https:\/\/api.w.org\/{rel}","templated":true}]}}